{"id":31582,"date":"2024-01-05T12:55:40","date_gmt":"2024-01-05T15:55:40","guid":{"rendered":"http:\/\/canal2jujuy.com\/canal2\/?page_id=31582"},"modified":"2025-02-06T18:01:40","modified_gmt":"2025-02-06T21:01:40","slug":"instructivo-isdbt","status":"publish","type":"page","link":"https:\/\/canal2jujuy.com\/canal2\/instructivo-isdbt\/","title":{"rendered":"Instructivo ISDBT"},"content":{"rendered":"<h5>DISFRUT\u00c1 LA \u00daLTIMA TECNOLOG\u00cdA!<\/h5>\n<p>Si sos abonado de cable b\u00e1sico, ahora pod\u00e9s ver las se\u00f1ales en HD sin costo adicional!<br \/>\nConsult\u00e1 este instructivo.<\/p>\n<figure><img loading=\"lazy\" src=\"http:\/\/canal2jujuy.com\/canal2\/wp-content\/uploads\/2024\/01\/banner-grilla-isdbt-mobile.png\" sizes=\"(max-width: 663px) 100vw, 663px\" srcset=\"https:\/\/canal2jujuy.com\/canal2\/wp-content\/uploads\/2024\/01\/banner-grilla-isdbt-mobile.png 663w, https:\/\/canal2jujuy.com\/canal2\/wp-content\/uploads\/2024\/01\/banner-grilla-isdbt-mobile-300x163.png 300w, https:\/\/canal2jujuy.com\/canal2\/wp-content\/uploads\/2024\/01\/banner-grilla-isdbt-mobile-540x293.png 540w\" alt=\"\" width=\"663\" height=\"360\" \/><figcaption>\n<h5>DISFRUT\u00c1 LA \u00daLTIMA TECNOLOG\u00cdA!<\/h5>\n<p>Si sos abonado de cable b\u00e1sico, ahora pod\u00e9s ver las se\u00f1ales en HD sin costo adicional! Consult\u00e1 este instructivo.<\/p>\n<div style=\"overflow: hidden; height: 1px;\">Recuerdo la primera vez que jugu\u00e9 a las tragamonedas en l\u00ednea: \u00a1la emoci\u00f3n era incre\u00edble! Ver girar los carretes, esperar ese satisfactorio ding-ding-ding y, de repente, obtener una ronda de bonificaci\u00f3n: es pura adrenalina. Empec\u00e9 a jugar solo por diversi\u00f3n, pero una vez que gan\u00e9 mi primer premio en dinero real, me enganch\u00e9. Aqu\u00ed tienes <a href=\"https:\/\/1wincasinoar.com\/\">1win login<\/a> si quieres probar algo interesante y confiable. Los casinos en l\u00ednea ofrecen muchos juegos con temas salvajes, botes y funciones incre\u00edbles. Es la emoci\u00f3n de lo desconocido, la emoci\u00f3n de cada giro lo que me hace volver.<\/div>\n<\/figcaption><\/figure>\n<p><b>1) Verific\u00e1 que tu dispositivo tenga sintonizador de TV digital incorporado (DTV &#8211; HDTV)<\/b><\/p>\n<p>Si tu TV es posterior al a\u00f1o 2014, lo tiene!<\/p>\n<p><b>2) En la parte lateral o trasera de tu TV, observ\u00e1 cu\u00e1ntas entradas tiene para cable coaxil.<br \/>\n<\/b>&gt; Si tiene 1 entrada, comprob\u00e1 que est\u00e9 bien conectado.<\/p>\n<p>&gt; Si tiene 2 entradas (CABLE IN\/ANTENNA), conect\u00e1 el cable en <strong>ANTENNA.<\/strong><\/p>\n<p><b>3) Sintoniz\u00e1 los canales desde &#8220;MENU&#8221; en el control remoto de tu TV.<br \/>\n<\/b>&gt; Ingres\u00e1 en la opci\u00f3n <strong>&#8220;CANAL\/EMISI\u00d3N&#8221;<\/strong><\/p>\n<p>&gt; En &#8220;modo sintonizador&#8221; seleccionar <strong>&#8220;ANTENA&#8221;.<\/strong><\/p>\n<p>&gt; Por \u00faltimo ingres\u00e1 en <strong>&#8220;SINTONIZACI\u00d3N AUTOM\u00c1TICA&#8221;<\/strong><\/p>\n<p><strong>Aguard\u00e1 hasta que carguen las se\u00f1ales y listo! Ya pod\u00e9s ver en HD!<\/strong><\/p>\n<ul>\n<li><strong>En este tutorial te mostramos c\u00f3mo hacerlo:<\/strong><\/li>\n<\/ul>\n<p><iframe loading=\"lazy\" title=\"Instructivo migraci\u00f3n TV HD\" width=\"1230\" height=\"692\" src=\"https:\/\/www.youtube.com\/embed\/RAtQHBzzAbA?feature=oembed\" frameborder=\"0\" allow=\"accelerometer; autoplay; clipboard-write; encrypted-media; gyroscope; picture-in-picture; web-share\" referrerpolicy=\"strict-origin-when-cross-origin\" allowfullscreen><\/iframe><br \/>\nTen\u00e9 en cuenta<br \/>\nLa configuraci\u00f3n puede variar seg\u00fan el modelo de tu televisor.<br \/>\n<img loading=\"lazy\" src=\"http:\/\/canal2jujuy.com\/canal2\/wp-content\/uploads\/2024\/01\/grilla-senales-ENE-2024-02-1.png\" sizes=\"(max-width: 1230px) 100vw, 1230px\" srcset=\"https:\/\/canal2jujuy.com\/canal2\/wp-content\/uploads\/2024\/01\/grilla-senales-ENE-2024-02-1.png 1230w, https:\/\/canal2jujuy.com\/canal2\/wp-content\/uploads\/2024\/01\/grilla-senales-ENE-2024-02-1-264x300.png 264w, https:\/\/canal2jujuy.com\/canal2\/wp-content\/uploads\/2024\/01\/grilla-senales-ENE-2024-02-1-900x1024.png 900w, https:\/\/canal2jujuy.com\/canal2\/wp-content\/uploads\/2024\/01\/grilla-senales-ENE-2024-02-1-768x874.png 768w, https:\/\/canal2jujuy.com\/canal2\/wp-content\/uploads\/2024\/01\/grilla-senales-ENE-2024-02-1-750x854.png 750w, https:\/\/canal2jujuy.com\/canal2\/wp-content\/uploads\/2024\/01\/grilla-senales-ENE-2024-02-1-540x615.png 540w, https:\/\/canal2jujuy.com\/canal2\/wp-content\/uploads\/2024\/01\/grilla-senales-ENE-2024-02-1-1000x1138.png 1000w\" alt=\"Canal-2-Fiberway-Jujuy-Grilla-B\u00c1SICO-HD\" width=\"1230\" height=\"1400\" \/><\/p>\n","protected":false},"excerpt":{"rendered":"<p>DISFRUT\u00c1 LA \u00daLTIMA TECNOLOG\u00cdA! Si sos abonado de cable b\u00e1sico, ahora pod\u00e9s ver las se\u00f1ales en HD sin costo adicional! Consult\u00e1 este instructivo. DISFRUT\u00c1 LA \u00daLTIMA TECNOLOG\u00cdA! Si sos abonado de cable b\u00e1sico, ahora pod\u00e9s ver las se\u00f1ales en HD sin costo adicional! Consult\u00e1 este instructivo. Recuerdo la primera vez que jugu\u00e9 a las tragamonedas [&hellip;]<\/p>\n","protected":false},"author":4,"featured_media":0,"parent":0,"menu_order":0,"comment_status":"closed","ping_status":"closed","template":"elementor_theme","meta":[],"_links":{"self":[{"href":"https:\/\/canal2jujuy.com\/canal2\/wp-json\/wp\/v2\/pages\/31582"}],"collection":[{"href":"https:\/\/canal2jujuy.com\/canal2\/wp-json\/wp\/v2\/pages"}],"about":[{"href":"https:\/\/canal2jujuy.com\/canal2\/wp-json\/wp\/v2\/types\/page"}],"author":[{"embeddable":true,"href":"https:\/\/canal2jujuy.com\/canal2\/wp-json\/wp\/v2\/users\/4"}],"replies":[{"embeddable":true,"href":"https:\/\/canal2jujuy.com\/canal2\/wp-json\/wp\/v2\/comments?post=31582"}],"version-history":[{"count":35,"href":"https:\/\/canal2jujuy.com\/canal2\/wp-json\/wp\/v2\/pages\/31582\/revisions"}],"predecessor-version":[{"id":32332,"href":"https:\/\/canal2jujuy.com\/canal2\/wp-json\/wp\/v2\/pages\/31582\/revisions\/32332"}],"wp:attachment":[{"href":"https:\/\/canal2jujuy.com\/canal2\/wp-json\/wp\/v2\/media?parent=31582"}],"curies":[{"name":"wp","href":"https:\/\/api.w.org\/{rel}","templated":true}]}}